{"id":347,"date":"2024-02-19T14:46:08","date_gmt":"2024-02-19T13:46:08","guid":{"rendered":"https:\/\/www.till-spohr.com\/?page_id=347"},"modified":"2024-03-17T12:11:05","modified_gmt":"2024-03-17T11:11:05","slug":"themen","status":"publish","type":"page","link":"https:\/\/www.till-spohr.com\/en\/themen\/","title":{"rendered":"Topics"},"content":{"rendered":"[et_pb_section fb_built=&#8220;1&#8243; fullwidth=&#8220;on&#8220; custom_padding_last_edited=&#8220;on|phone&#8220; admin_label=&#8220;Hero Section&#8220; _builder_version=&#8220;4.24.1&#8243; background_enable_color=&#8220;off&#8220; background_image=&#8220;https:\/\/www.till-spohr.com\/wp-content\/uploads\/2024\/02\/Themen-Ececutive-Coaching.jpg&#8220; parallax=&#8220;on&#8220; background_blend=&#8220;screen&#8220; custom_padding_tablet=&#8220;&#8220; custom_padding_phone=&#8220;120px||||false|false&#8220; animation_style=&#8220;fade&#8220; animation_starting_opacity=&#8220;80%&#8220; background_last_edited=&#8220;on|phone&#8220; background_image_phone=&#8220;https:\/\/www.till-spohr.com\/wp-content\/uploads\/2024\/02\/Themen-Ececutive-Coaching-mobil.jpg&#8220; background_enable_image_phone=&#8220;on&#8220; global_colors_info=&#8220;{}&#8220;][et_pb_fullwidth_header title=&#8220;TILLSPOHR&#8220; subhead=&#8220;THEMEN&#8220; header_fullscreen=&#8220;on&#8220; background_overlay_color=&#8220;RGBA(255,255,255,0)&#8220; content_orientation=&#8220;bottom&#8220; title_font_color=&#8220;#ffffff&#8220; subhead_font_color=&#8220;#ffffff&#8220; admin_label=&#8220;Hero Area&#8220; _builder_version=&#8220;4.24.1&#8243; title_font=&#8220;Montserrat|600||||on|||&#8220; title_text_align=&#8220;left&#8220; title_text_color=&#8220;#ffffff&#8220; title_font_size=&#8220;54px&#8220; title_line_height=&#8220;1.1em&#8220; subhead_font=&#8220;||||||||&#8220; subhead_text_color=&#8220;#ffffff&#8220; subhead_font_size=&#8220;22px&#8220; subhead_letter_spacing=&#8220;4px&#8220; subhead_line_height=&#8220;1.7em&#8220; background_enable_color=&#8220;off&#8220; background_position=&#8220;top_left&#8220; background_repeat=&#8220;repeat&#8220; custom_button_one=&#8220;on&#8220; button_one_text_size=&#8220;13px&#8220; button_one_text_color=&#8220;rgba(0,0,0,0.8)&#8220; button_one_bg_color=&#8220;#ffba60&#8243; button_one_border_width=&#8220;12px&#8220; button_one_border_color=&#8220;#ffba60&#8243; button_one_border_radius=&#8220;0px&#8220; button_one_letter_spacing=&#8220;4px&#8220; button_one_font=&#8220;|700||on|||||&#8220; button_one_icon=&#8220;&#x24;||divi||400&#8243; background_layout=&#8220;light&#8220; custom_margin=&#8220;||||false|false&#8220; custom_padding=&#8220;12px||||false|false&#8220; title_font_size_tablet=&#8220;40px&#8220; title_font_size_phone=&#8220;&#8220; title_font_size_last_edited=&#8220;on|tablet&#8220; border_color_all=&#8220;rgba(31,40,48,0.94)&#8220; border_width_left=&#8220;0vw&#8220; button_one_border_radius_hover=&#8220;0px&#8220; button_one_letter_spacing_hover=&#8220;4px&#8220; global_colors_info=&#8220;{}&#8220; button_one_text_size__hover_enabled=&#8220;off&#8220; button_two_text_size__hover_enabled=&#8220;off&#8220; button_one_text_color__hover_enabled=&#8220;off&#8220; button_two_text_color__hover_enabled=&#8220;off&#8220; button_one_border_width__hover_enabled=&#8220;off&#8220; button_two_border_width__hover_enabled=&#8220;off&#8220; button_one_border_color__hover_enabled=&#8220;off&#8220; button_two_border_color__hover_enabled=&#8220;off&#8220; button_one_border_radius__hover_enabled=&#8220;on&#8220; button_one_border_radius__hover=&#8220;0px&#8220; button_two_border_radius__hover_enabled=&#8220;off&#8220; button_one_letter_spacing__hover_enabled=&#8220;on&#8220; button_one_letter_spacing__hover=&#8220;4px&#8220; button_two_letter_spacing__hover_enabled=&#8220;off&#8220; button_one_bg_color__hover_enabled=&#8220;off&#8220; button_two_bg_color__hover_enabled=&#8220;off&#8220;][\/et_pb_fullwidth_header][\/et_pb_section][et_pb_section fb_built=&#8220;1&#8243; disabled_on=&#8220;off|off|off&#8220; admin_label=&#8220;Service Section&#8220; _builder_version=&#8220;4.24.0&#8243; custom_margin=&#8220;||1px|||&#8220; custom_padding=&#8220;29px||20px|||&#8220; global_colors_info=&#8220;{}&#8220;][et_pb_row admin_label=&#8220;Service Area&#8220; _builder_version=&#8220;4.16&#8243; custom_margin=&#8220;|auto|-13px|auto||&#8220; global_colors_info=&#8220;{}&#8220;][et_pb_column type=&#8220;4_4&#8243; _builder_version=&#8220;4.16&#8243; custom_padding=&#8220;|||&#8220; global_colors_info=&#8220;{}&#8220; custom_padding__hover=&#8220;|||&#8220;][et_pb_text admin_label=&#8220;Title&#8220; _builder_version=&#8220;4.24.1&#8243; text_font=&#8220;||||||||&#8220; header_font=&#8220;|600|||||||&#8220; header_text_color=&#8220;#979797&#8243; header_2_font=&#8220;Montserrat|600||on|||||&#8220; header_2_text_align=&#8220;center&#8220; header_2_text_color=&#8220;#979797&#8243; header_2_font_size=&#8220;48px&#8220; header_2_letter_spacing=&#8220;4px&#8220; header_2_line_height=&#8220;1.2em&#8220; header_3_text_color=&#8220;#979797&#8243; header_4_font=&#8220;|||on|||||&#8220; header_4_text_color=&#8220;#979797&#8243; module_alignment=&#8220;center&#8220; custom_margin=&#8220;||10px|&#8220; custom_padding=&#8220;|||&#8220; animation_style=&#8220;fade&#8220; header_2_font_size_tablet=&#8220;40px&#8220; header_2_font_size_phone=&#8220;&#8220; header_2_font_size_last_edited=&#8220;on|tablet&#8220; global_colors_info=&#8220;{}&#8220;]\n<h2>Themen<\/h2>\n<h4 style=\"text-align: center;\">Dar\u00fcber spreche ich mit meinen Klienten<\/h4>\n[\/et_pb_text][\/et_pb_column][\/et_pb_row][\/et_pb_section][et_pb_section fb_built=&#8220;1&#8243; _builder_version=&#8220;4.24.0&#8243; _module_preset=&#8220;default&#8220; custom_padding=&#8220;0px||0px|||&#8220; global_colors_info=&#8220;{}&#8220;][et_pb_row column_structure=&#8220;1_2,1_2&#8243; _builder_version=&#8220;4.24.1&#8243; _module_preset=&#8220;default&#8220; global_colors_info=&#8220;{}&#8220;][et_pb_column type=&#8220;1_2&#8243; _builder_version=&#8220;4.24.0&#8243; _module_preset=&#8220;default&#8220; global_colors_info=&#8220;{}&#8220;][et_pb_text ul_type=&#8220;square&#8220; ul_position=&#8220;inside&#8220; _builder_version=&#8220;4.24.2&#8243; _module_preset=&#8220;default&#8220; min_height=&#8220;300px&#8220; custom_margin=&#8220;||-34px|||&#8220; custom_padding=&#8220;0px||0px||false|false&#8220; global_colors_info=&#8220;{}&#8220;]\n<ul>\n<li><strong>F\u00fchrungskompetenzen st\u00e4rken:<\/strong> \u00abIch m\u00f6chte meine F\u00fchrungskompetenzen st\u00e4rken, um noch effektiver in meiner Rolle zu sein. Durch das Coaching m\u00f6chte ich meine Schl\u00fcsselkompetenzen wie Kommunikation, Entscheidungsfindung, Mitarbeiterf\u00fchrung und Stakeholdermanagement st\u00e4rken\u00bb.<\/li>\n<li><strong>Stressbew\u00e4ltigung und Work-Life-Balance:<\/strong> \u00abIch m\u00f6chte meine Resilienz-Strategien \u00fcberpr\u00fcfen und Pl\u00e4ne zur Verbesserung der Work-Life-Balance entwickeln. Auch suche ich Wege, um ein physisch und psychisch gesunderes Leben zu f\u00fchren\u00bb.<\/li>\n<li><strong>Transformationsmanagement, Teamdynamik:<\/strong> \u00abIch m\u00f6chte die st\u00e4ndigen Ver\u00e4nderungsprozesse in meiner Organisation aktiver gestalten, gesetzte Ziele erreichen &#8211; und dies gemeinsam mit meinen Direct-Reports und internationalen Teams\u00bb.<\/li>\n<\/ul>\n[\/et_pb_text][\/et_pb_column][et_pb_column type=&#8220;1_2&#8243; _builder_version=&#8220;4.24.0&#8243; _module_preset=&#8220;default&#8220; global_colors_info=&#8220;{}&#8220;][et_pb_text ul_type=&#8220;square&#8220; ul_position=&#8220;inside&#8220; _builder_version=&#8220;4.24.2&#8243; _module_preset=&#8220;default&#8220; custom_margin=&#8220;||||false|false&#8220; custom_padding=&#8220;0px||||false|false&#8220; custom_padding_tablet=&#8220;0px||||false|false&#8220; custom_padding_phone=&#8220;0px||||false|false&#8220; custom_padding_last_edited=&#8220;on|phone&#8220; global_colors_info=&#8220;{}&#8220;]\n<ul>\n<li><strong>Karriereentwicklung:<\/strong> \u00abIch habe sehr viel erreicht, beruflich, als auch pers\u00f6nlich. Jedoch rotiert in mir der Wunsch, dass ich meine Karriereziele \u00fcberpr\u00fcfen und neu definiere m\u00f6chte, entlang meiner aktuellen Wertvorstellungen.\u00a0Das Ergebnis m\u00f6chte ich in einen gut umsetzbaren Plan zur Erreichung dieser Ziele bringen\u00bb.<\/li>\n<li><strong>Neues entdecken:<\/strong> \u00abIch m\u00f6chte raus aus dem Hamsterrad, wieder mehr Selbstwirksam sp\u00fcren, meinen wahren, pers\u00f6nlichen Purpose entdecken. Ich m\u00f6chte dies explizit \u00aberfahren\u00bb, ggf. \u00fcberpr\u00fcfen in unterschiedlichen Lebenssituationen, out-of-the-box denken und erleben, nicht in meinem bisherigen Umfeld, im Kontext nicht-beruflicher Situationen\u00bb.<\/li>\n<\/ul>\n[\/et_pb_text][\/et_pb_column][\/et_pb_row][\/et_pb_section][et_pb_section fb_built=&#8220;1&#8243; disabled_on=&#8220;off|off|off&#8220; admin_label=&#8220;CTA Section&#8220; _builder_version=&#8220;4.24.1&#8243; background_color=&#8220;#979797&#8243; background_enable_image=&#8220;off&#8220; custom_margin=&#8220;|0px|||false|false&#8220; custom_padding=&#8220;0px|0px|0px||false|false&#8220; border_color_all=&#8220;#26333a&#8220; border_width_right=&#8220;0vw&#8220; global_colors_info=&#8220;{}&#8220;][et_pb_row use_custom_gutter=&#8220;on&#8220; gutter_width=&#8220;2&#8243; admin_label=&#8220;CTA Area&#8220; _builder_version=&#8220;4.24.1&#8243; min_height=&#8220;139px&#8220; custom_margin=&#8220;23px|auto|30px|auto||&#8220; custom_padding=&#8220;46px|||||&#8220; global_colors_info=&#8220;{}&#8220;][et_pb_column type=&#8220;4_4&#8243; _builder_version=&#8220;4.24.1&#8243; custom_padding=&#8220;|||&#8220; global_colors_info=&#8220;{}&#8220; custom_padding__hover=&#8220;|||&#8220;][et_pb_text admin_label=&#8220;Title&#8220; _builder_version=&#8220;4.24.1&#8243; text_font=&#8220;||||||||&#8220; text_text_color=&#8220;#666666&#8243; header_font=&#8220;|600|||||||&#8220; header_text_color=&#8220;#979797&#8243; header_2_font=&#8220;Montserrat|600||on|||||&#8220; header_2_text_align=&#8220;center&#8220; header_2_text_color=&#8220;#979797&#8243; header_2_font_size=&#8220;48px&#8220; header_2_letter_spacing=&#8220;3px&#8220; header_2_line_height=&#8220;1.4em&#8220; header_3_text_color=&#8220;#979797&#8243; header_4_font=&#8220;|||on|||||&#8220; header_4_text_align=&#8220;center&#8220; header_4_text_color=&#8220;#FFFFFF&#8220; module_alignment=&#8220;center&#8220; custom_margin=&#8220;||10px|&#8220; custom_padding=&#8220;|||&#8220; animation_style=&#8220;fade&#8220; header_2_font_size_tablet=&#8220;40px&#8220; header_2_font_size_phone=&#8220;&#8220; header_2_font_size_last_edited=&#8220;on|tablet&#8220; global_colors_info=&#8220;{}&#8220;]\n<h4>&#8222;Als Partner sind die Ziele meiner Klienten auch meine Ziele, wir arbeiten eng <br \/>zusammen, um die individuellen Ziele zu erreichen und die berufliche <br \/>sowie pers\u00f6nliche Entwicklung zu gestalten.&#8220;<\/h4>\n[\/et_pb_text][\/et_pb_column][\/et_pb_row][\/et_pb_section]\n","protected":false},"excerpt":{"rendered":"<p>Themen Dar\u00fcber spreche ich mit meinen Klienten F\u00fchrungskompetenzen st\u00e4rken: \u00abIch m\u00f6chte meine F\u00fchrungskompetenzen st\u00e4rken, um noch effektiver in meiner Rolle zu sein. Durch das Coaching m\u00f6chte ich meine Schl\u00fcsselkompetenzen wie Kommunikation, Entscheidungsfindung, Mitarbeiterf\u00fchrung und Stakeholdermanagement st\u00e4rken\u00bb. Stressbew\u00e4ltigung und Work-Life-Balance: \u00abIch m\u00f6chte meine Resilienz-Strategien \u00fcberpr\u00fcfen und Pl\u00e4ne zur Verbesserung der Work-Life-Balance entwickeln. Auch suche ich Wege, [&hellip;]<\/p>\n","protected":false},"author":1,"featured_media":0,"parent":0,"menu_order":0,"comment_status":"closed","ping_status":"closed","template":"","meta":{"_et_pb_use_builder":"on","_et_pb_old_content":"","_et_gb_content_width":"","footnotes":""},"class_list":["post-347","page","type-page","status-publish","hentry"],"_links":{"self":[{"href":"https:\/\/www.till-spohr.com\/en\/wp-json\/wp\/v2\/pages\/347","targetHints":{"allow":["GET"]}}],"collection":[{"href":"https:\/\/www.till-spohr.com\/en\/wp-json\/wp\/v2\/pages"}],"about":[{"href":"https:\/\/www.till-spohr.com\/en\/wp-json\/wp\/v2\/types\/page"}],"author":[{"embeddable":true,"href":"https:\/\/www.till-spohr.com\/en\/wp-json\/wp\/v2\/users\/1"}],"replies":[{"embeddable":true,"href":"https:\/\/www.till-spohr.com\/en\/wp-json\/wp\/v2\/comments?post=347"}],"version-history":[{"count":22,"href":"https:\/\/www.till-spohr.com\/en\/wp-json\/wp\/v2\/pages\/347\/revisions"}],"predecessor-version":[{"id":587,"href":"https:\/\/www.till-spohr.com\/en\/wp-json\/wp\/v2\/pages\/347\/revisions\/587"}],"wp:attachment":[{"href":"https:\/\/www.till-spohr.com\/en\/wp-json\/wp\/v2\/media?parent=347"}],"curies":[{"name":"wp","href":"https:\/\/api.w.org\/{rel}","templated":true}]}}