{"id":319,"date":"2024-02-19T13:36:16","date_gmt":"2024-02-19T12:36:16","guid":{"rendered":"https:\/\/www.till-spohr.com\/?page_id=319"},"modified":"2024-03-21T22:45:35","modified_gmt":"2024-03-21T21:45:35","slug":"ihr-weg","status":"publish","type":"page","link":"https:\/\/www.till-spohr.com\/en\/ihr-weg\/","title":{"rendered":"Your Path"},"content":{"rendered":"[et_pb_section fb_built=&#8220;1&#8243; fullwidth=&#8220;on&#8220; custom_padding_last_edited=&#8220;on|phone&#8220; admin_label=&#8220;Hero Section&#8220; _builder_version=&#8220;4.24.2&#8243; background_enable_color=&#8220;off&#8220; background_image=&#8220;https:\/\/www.till-spohr.com\/wp-content\/uploads\/2024\/03\/3-Fahrrad.jpg&#8220; parallax=&#8220;on&#8220; background_blend=&#8220;screen&#8220; custom_padding_tablet=&#8220;&#8220; custom_padding_phone=&#8220;120px||||false|false&#8220; animation_style=&#8220;fade&#8220; animation_starting_opacity=&#8220;80%&#8220; background_last_edited=&#8220;on|phone&#8220; background_image_phone=&#8220;https:\/\/www.till-spohr.com\/wp-content\/uploads\/2024\/03\/Fahrrad2-mobil.jpg&#8220; background_enable_image_phone=&#8220;on&#8220; global_colors_info=&#8220;{}&#8220;][et_pb_fullwidth_header title=&#8220;TILLSPOHR&#8220; subhead=&#8220;IHR WEG&#8220; header_fullscreen=&#8220;on&#8220; background_overlay_color=&#8220;RGBA(255,255,255,0)&#8220; content_orientation=&#8220;bottom&#8220; title_font_color=&#8220;#ffffff&#8220; subhead_font_color=&#8220;#ffffff&#8220; admin_label=&#8220;Hero Area&#8220; _builder_version=&#8220;4.24.1&#8243; title_font=&#8220;Montserrat|600||||on|||&#8220; title_text_align=&#8220;left&#8220; title_text_color=&#8220;#ffffff&#8220; title_font_size=&#8220;54px&#8220; title_line_height=&#8220;1.1em&#8220; subhead_font=&#8220;||||||||&#8220; subhead_text_color=&#8220;#ffffff&#8220; subhead_font_size=&#8220;22px&#8220; subhead_letter_spacing=&#8220;4px&#8220; subhead_line_height=&#8220;1.7em&#8220; background_enable_color=&#8220;off&#8220; background_position=&#8220;top_left&#8220; background_repeat=&#8220;repeat&#8220; custom_button_one=&#8220;on&#8220; button_one_text_size=&#8220;13px&#8220; button_one_text_color=&#8220;rgba(0,0,0,0.8)&#8220; button_one_bg_color=&#8220;#ffba60&#8243; button_one_border_width=&#8220;12px&#8220; button_one_border_color=&#8220;#ffba60&#8243; button_one_border_radius=&#8220;0px&#8220; button_one_letter_spacing=&#8220;4px&#8220; button_one_font=&#8220;|700||on|||||&#8220; button_one_icon=&#8220;&#x24;||divi||400&#8243; background_layout=&#8220;light&#8220; custom_margin=&#8220;||||false|false&#8220; custom_padding=&#8220;12px||||false|false&#8220; title_font_size_tablet=&#8220;40px&#8220; title_font_size_phone=&#8220;&#8220; title_font_size_last_edited=&#8220;on|tablet&#8220; border_color_all=&#8220;rgba(31,40,48,0.94)&#8220; border_width_left=&#8220;0vw&#8220; button_one_border_radius_hover=&#8220;0px&#8220; button_one_letter_spacing_hover=&#8220;4px&#8220; global_colors_info=&#8220;{}&#8220; button_one_text_size__hover_enabled=&#8220;off&#8220; button_two_text_size__hover_enabled=&#8220;off&#8220; button_one_text_color__hover_enabled=&#8220;off&#8220; button_two_text_color__hover_enabled=&#8220;off&#8220; button_one_border_width__hover_enabled=&#8220;off&#8220; button_two_border_width__hover_enabled=&#8220;off&#8220; button_one_border_color__hover_enabled=&#8220;off&#8220; button_two_border_color__hover_enabled=&#8220;off&#8220; button_one_border_radius__hover_enabled=&#8220;on&#8220; button_one_border_radius__hover=&#8220;0px&#8220; button_two_border_radius__hover_enabled=&#8220;off&#8220; button_one_letter_spacing__hover_enabled=&#8220;on&#8220; button_one_letter_spacing__hover=&#8220;4px&#8220; button_two_letter_spacing__hover_enabled=&#8220;off&#8220; button_one_bg_color__hover_enabled=&#8220;off&#8220; button_two_bg_color__hover_enabled=&#8220;off&#8220;][\/et_pb_fullwidth_header][\/et_pb_section][et_pb_section fb_built=&#8220;1&#8243; disabled_on=&#8220;off|off|off&#8220; admin_label=&#8220;Service Section&#8220; _builder_version=&#8220;4.24.0&#8243; custom_margin=&#8220;||1px|||&#8220; custom_padding=&#8220;29px||20px|||&#8220; global_colors_info=&#8220;{}&#8220;][et_pb_row admin_label=&#8220;Service Area&#8220; _builder_version=&#8220;4.16&#8243; global_colors_info=&#8220;{}&#8220;][et_pb_column type=&#8220;4_4&#8243; _builder_version=&#8220;4.16&#8243; custom_padding=&#8220;|||&#8220; global_colors_info=&#8220;{}&#8220; custom_padding__hover=&#8220;|||&#8220;][et_pb_text admin_label=&#8220;Title&#8220; _builder_version=&#8220;4.24.1&#8243; text_font=&#8220;||||||||&#8220; header_font=&#8220;|600|||||||&#8220; header_text_color=&#8220;#979797&#8243; header_2_font=&#8220;Montserrat|600||on|||||&#8220; header_2_text_align=&#8220;center&#8220; header_2_text_color=&#8220;#979797&#8243; header_2_font_size=&#8220;48px&#8220; header_2_letter_spacing=&#8220;4px&#8220; header_2_line_height=&#8220;1.2em&#8220; header_3_text_color=&#8220;#979797&#8243; header_4_font=&#8220;|||on|||||&#8220; header_4_text_color=&#8220;#979797&#8243; module_alignment=&#8220;center&#8220; custom_margin=&#8220;||10px|&#8220; custom_padding=&#8220;|||&#8220; animation_style=&#8220;fade&#8220; header_2_font_size_tablet=&#8220;40px&#8220; header_2_font_size_phone=&#8220;&#8220; header_2_font_size_last_edited=&#8220;on|tablet&#8220; global_colors_info=&#8220;{}&#8220;]\n<h2>Ihr Weg<\/h2>\n<h4 style=\"text-align: center;\">Ihr Anliegen ist einzigartig und individuell<\/h4>\n[\/et_pb_text][\/et_pb_column][\/et_pb_row][et_pb_row _builder_version=&#8220;4.24.1&#8243; _module_preset=&#8220;default&#8220; custom_padding=&#8220;13px|||||&#8220; global_colors_info=&#8220;{}&#8220;][et_pb_column type=&#8220;4_4&#8243; _builder_version=&#8220;4.24.0&#8243; _module_preset=&#8220;default&#8220; global_colors_info=&#8220;{}&#8220;][et_pb_text _builder_version=&#8220;4.24.1&#8243; _module_preset=&#8220;default&#8220; text_orientation=&#8220;center&#8220; custom_padding=&#8220;||0px|||&#8220; global_colors_info=&#8220;{}&#8220;]\n<p>Ihr Anliegen ist einzigartig, und ebenso individuell gestalte ich einen ma\u00dfgeschneiderten Coaching-Prozess f\u00fcr Sie.<br \/>Gemeinsam werden wir zu Beginn unserer Zusammenarbeit Ihren pers\u00f6nlichen Weg festlegen, basierend auf Ihren Zielen und meiner langj\u00e4hrigen Erfahrung als Coach, Berater und F\u00fchrungskraft:<\/p>\n[\/et_pb_text][\/et_pb_column][\/et_pb_row][\/et_pb_section][et_pb_section fb_built=&#8220;1&#8243; _builder_version=&#8220;4.24.0&#8243; _module_preset=&#8220;default&#8220; custom_padding=&#8220;0px||0px|||&#8220; global_colors_info=&#8220;{}&#8220;][et_pb_row column_structure=&#8220;1_2,1_2&#8243; _builder_version=&#8220;4.24.1&#8243; _module_preset=&#8220;default&#8220; global_colors_info=&#8220;{}&#8220;][et_pb_column type=&#8220;1_2&#8243; _builder_version=&#8220;4.24.0&#8243; _module_preset=&#8220;default&#8220; global_colors_info=&#8220;{}&#8220;][et_pb_text ul_type=&#8220;square&#8220; ul_position=&#8220;inside&#8220; _builder_version=&#8220;4.24.1&#8243; _module_preset=&#8220;default&#8220; custom_padding=&#8220;3px|||||&#8220; global_colors_info=&#8220;{}&#8220;]\n<ul>\n<li><strong>UNVERBINDLICHES ERSTGESPR\u00c4CH:<\/strong> Jedes Coaching beginnt mit einem unverbindlichen Erstgespr\u00e4ch, das online oder telefonisch, nach Ihren W\u00fcnschen, stattfinden kann. Dieses Gespr\u00e4ch dient dazu, Ihre aktuelle Situation zu verstehen und erste \u00dcberlegungen zu m\u00f6glichen Herangehensweisen zu besprechen. Gleichzeitig erkl\u00e4re ich Ihnen, wie unsere Zusammenarbeit aussehen k\u00f6nnte.<\/li>\n<li><strong>SITUATIONSANGEPASSTE FORMATE:<\/strong>\u00a0In der Regel bestehen unsere Coachings aus vertrauensvollen Einzelgespr\u00e4chen, die wir gemeinsam \u00fcber einen Zeitraum von drei bis neun Monaten flexibel gestalten. F\u00fcr viele meiner Klienten bin ich \u00fcber Jahre hinweg ein kontinuierlicher Begleiter auf ihrem Weg, w\u00e4hrend ich bei anderen vielleicht nur einmalig bei der L\u00f6sung eines aktuellen Problems zur Seite stehe.<br \/><span style=\"color: #ad0008;\">\u25b6 <\/span>Ein- oder mehrt\u00e4gige Intensiv-Coachings er\u00f6ffnen Ihnen dar\u00fcber hinaus die M\u00f6glichkeit, dem t\u00e4glichen Hamsterrad zu entkommen. An einem Ort Ihrer Wahl, gepaart mit einem zu verabredenden Setting, k\u00f6nnen Sie neue Perspektiven entwickeln und Ihre Ziele, f\u00fcr sich selbst, Ihr Team oder Ihre Organisation definieren.<\/li>\n<\/ul>\n[\/et_pb_text][\/et_pb_column][et_pb_column type=&#8220;1_2&#8243; _builder_version=&#8220;4.24.0&#8243; _module_preset=&#8220;default&#8220; global_colors_info=&#8220;{}&#8220;][et_pb_text ul_type=&#8220;square&#8220; ul_position=&#8220;inside&#8220; _builder_version=&#8220;4.24.2&#8243; _module_preset=&#8220;default&#8220; custom_margin=&#8220;||||false|false&#8220; custom_margin_tablet=&#8220;-40px||||false|false&#8220; custom_margin_phone=&#8220;-45px||||false|false&#8220; custom_margin_last_edited=&#8220;on|phone&#8220; custom_padding=&#8220;||||false|false&#8220; global_colors_info=&#8220;{}&#8220;]\n<ul>\n<li><strong>ZIELORIENTIERTE SITZUNGEN:<\/strong> In unseren Sitzungen arbeiten wir nicht nur theoretisch, sondern finden auch konkrete Schritte zur Erreichung Ihrer Ziele. Ich biete Ihnen eine objektive Perspektive und diene als Resonanzboden f\u00fcr Ihre Gedanken und Ideen. Wenn Sie es w\u00fcnschen, gebe ich zu einzelnen Themen Input sowie konstruktives Feedback.<\/li>\n<li><strong>LEBENDIGE COACHING-ERFAHRUNG:<\/strong> Meine Coachings zeichnen sich durch einen hohen Praxisbezug und Lebendigkeit aus. Das liegt nicht zuletzt daran, dass ich immer wieder neu mit Ihnen \u00fcber den Tellerrand schaue, sondern auch selbst \u00fcber viele Jahre hinweg eine internationale F\u00fchrungskraft, beratend oder in Linienverantwortung, war.<\/li>\n<li><strong>FLEXIBEL UND ANPASSUNGSF\u00c4HIG:<\/strong> Ich bin flexibel und passe mich Ihren Bed\u00fcrfnissen an, denn Sie haben genug Themen, die Sie beanspruchen. Die Treffen k\u00f6nnen sowohl online als auch pers\u00f6nlich vor Ort (auch in meinen R\u00e4umlichkeiten) stattfinden, jederzeit und weltweit, und werden je nach Bedarf in Deutsch oder Englisch durchgef\u00fchrt.<\/li>\n<\/ul>\n[\/et_pb_text][\/et_pb_column][\/et_pb_row][\/et_pb_section][et_pb_section fb_built=&#8220;1&#8243; disabled_on=&#8220;off|off|off&#8220; admin_label=&#8220;CTA Section&#8220; _builder_version=&#8220;4.24.1&#8243; background_color=&#8220;#979797&#8243; background_enable_image=&#8220;off&#8220; custom_margin=&#8220;|0px|||false|false&#8220; custom_padding=&#8220;0px|0px|0px||false|false&#8220; border_color_all=&#8220;#26333a&#8220; border_width_right=&#8220;0vw&#8220; global_colors_info=&#8220;{}&#8220;][et_pb_row use_custom_gutter=&#8220;on&#8220; gutter_width=&#8220;2&#8243; admin_label=&#8220;CTA Area&#8220; _builder_version=&#8220;4.24.1&#8243; custom_margin=&#8220;||30px|&#8220; custom_padding=&#8220;46px|||||&#8220; global_colors_info=&#8220;{}&#8220;][et_pb_column type=&#8220;4_4&#8243; _builder_version=&#8220;4.24.1&#8243; custom_padding=&#8220;|||&#8220; global_colors_info=&#8220;{}&#8220; custom_padding__hover=&#8220;|||&#8220;][et_pb_text admin_label=&#8220;Title&#8220; _builder_version=&#8220;4.24.1&#8243; text_font=&#8220;||||||||&#8220; text_text_color=&#8220;#666666&#8243; header_font=&#8220;|600|||||||&#8220; header_text_color=&#8220;#979797&#8243; header_2_font=&#8220;Montserrat|600||on|||||&#8220; header_2_text_align=&#8220;center&#8220; header_2_text_color=&#8220;#979797&#8243; header_2_font_size=&#8220;48px&#8220; header_2_letter_spacing=&#8220;3px&#8220; header_2_line_height=&#8220;1.4em&#8220; header_3_text_color=&#8220;#979797&#8243; header_4_font=&#8220;|||on|||||&#8220; header_4_text_align=&#8220;center&#8220; header_4_text_color=&#8220;#FFFFFF&#8220; module_alignment=&#8220;center&#8220; custom_margin=&#8220;||10px|&#8220; custom_padding=&#8220;|||&#8220; animation_style=&#8220;fade&#8220; header_2_font_size_tablet=&#8220;40px&#8220; header_2_font_size_phone=&#8220;&#8220; header_2_font_size_last_edited=&#8220;on|tablet&#8220; global_colors_info=&#8220;{}&#8220;]\n<h4>JETZT KENNENLERNGESPR\u00c4CH VEREINBAREN\u00a0<\/h4>\n[\/et_pb_text][et_pb_button button_url=&#8220;https:\/\/www.till-spohr.com\/#kontaktaufnahme&#8220; button_text=&#8220;Kontakt&#8220; button_alignment=&#8220;center&#8220; _builder_version=&#8220;4.24.1&#8243; _module_preset=&#8220;default&#8220; custom_button=&#8220;on&#8220; button_text_size=&#8220;14px&#8220; button_text_color=&#8220;#FFFFFF&#8220; button_bg_color=&#8220;#AD282E&#8220; button_border_color=&#8220;#AD282E&#8220; global_colors_info=&#8220;{}&#8220;][\/et_pb_button][\/et_pb_column][\/et_pb_row][\/et_pb_section]\n","protected":false},"excerpt":{"rendered":"<p>Ihr Weg Ihr Anliegen ist einzigartig und individuellIhr Anliegen ist einzigartig, und ebenso individuell gestalte ich einen ma\u00dfgeschneiderten Coaching-Prozess f\u00fcr Sie.Gemeinsam werden wir zu Beginn unserer Zusammenarbeit Ihren pers\u00f6nlichen Weg festlegen, basierend auf Ihren Zielen und meiner langj\u00e4hrigen Erfahrung als Coach, Berater und F\u00fchrungskraft: UNVERBINDLICHES ERSTGESPR\u00c4CH: Jedes Coaching beginnt mit einem unverbindlichen Erstgespr\u00e4ch, das online [&hellip;]<\/p>\n","protected":false},"author":1,"featured_media":0,"parent":0,"menu_order":0,"comment_status":"closed","ping_status":"closed","template":"","meta":{"_et_pb_use_builder":"on","_et_pb_old_content":"","_et_gb_content_width":"","footnotes":""},"class_list":["post-319","page","type-page","status-publish","hentry"],"_links":{"self":[{"href":"https:\/\/www.till-spohr.com\/en\/wp-json\/wp\/v2\/pages\/319","targetHints":{"allow":["GET"]}}],"collection":[{"href":"https:\/\/www.till-spohr.com\/en\/wp-json\/wp\/v2\/pages"}],"about":[{"href":"https:\/\/www.till-spohr.com\/en\/wp-json\/wp\/v2\/types\/page"}],"author":[{"embeddable":true,"href":"https:\/\/www.till-spohr.com\/en\/wp-json\/wp\/v2\/users\/1"}],"replies":[{"embeddable":true,"href":"https:\/\/www.till-spohr.com\/en\/wp-json\/wp\/v2\/comments?post=319"}],"version-history":[{"count":34,"href":"https:\/\/www.till-spohr.com\/en\/wp-json\/wp\/v2\/pages\/319\/revisions"}],"predecessor-version":[{"id":594,"href":"https:\/\/www.till-spohr.com\/en\/wp-json\/wp\/v2\/pages\/319\/revisions\/594"}],"wp:attachment":[{"href":"https:\/\/www.till-spohr.com\/en\/wp-json\/wp\/v2\/media?parent=319"}],"curies":[{"name":"wp","href":"https:\/\/api.w.org\/{rel}","templated":true}]}}