{"id":232,"date":"2024-02-19T10:14:11","date_gmt":"2024-02-19T09:14:11","guid":{"rendered":"https:\/\/www.till-spohr.com\/?page_id=232"},"modified":"2026-02-11T22:35:58","modified_gmt":"2026-02-11T21:35:58","slug":"ueber-mich","status":"publish","type":"page","link":"https:\/\/www.till-spohr.com\/en\/ueber-mich\/","title":{"rendered":"About Me"},"content":{"rendered":"[et_pb_section fb_built=&#8220;1&#8243; fullwidth=&#8220;on&#8220; custom_padding_last_edited=&#8220;on|phone&#8220; admin_label=&#8220;Hero Section&#8220; _builder_version=&#8220;4.24.1&#8243; background_enable_color=&#8220;off&#8220; background_image=&#8220;https:\/\/www.till-spohr.com\/wp-content\/uploads\/2024\/02\/Till-Spohr-ueber-mich.jpg&#8220; parallax=&#8220;on&#8220; background_blend=&#8220;screen&#8220; custom_padding_tablet=&#8220;&#8220; custom_padding_phone=&#8220;120px||||false|false&#8220; animation_style=&#8220;fade&#8220; animation_starting_opacity=&#8220;80%&#8220; background_last_edited=&#8220;on|phone&#8220; background_image_phone=&#8220;https:\/\/www.till-spohr.com\/wp-content\/uploads\/2024\/02\/Till-Spohr-ueber-mich.jpg&#8220; background_enable_image_phone=&#8220;on&#8220; global_colors_info=&#8220;{}&#8220; collapsed=&#8220;off&#8220;][et_pb_fullwidth_header title=&#8220;TILLSPOHR&#8220; subhead=&#8220;\u00dcBER MICH&#8220; header_fullscreen=&#8220;on&#8220; background_overlay_color=&#8220;RGBA(255,255,255,0)&#8220; content_orientation=&#8220;bottom&#8220; title_font_color=&#8220;#ffffff&#8220; subhead_font_color=&#8220;#ffffff&#8220; admin_label=&#8220;Hero Area&#8220; _builder_version=&#8220;4.24.1&#8243; title_font=&#8220;Montserrat|600||||on|||&#8220; title_text_align=&#8220;left&#8220; title_text_color=&#8220;#ffffff&#8220; title_font_size=&#8220;54px&#8220; title_line_height=&#8220;1.1em&#8220; subhead_font=&#8220;||||||||&#8220; subhead_text_color=&#8220;#ffffff&#8220; subhead_font_size=&#8220;22px&#8220; subhead_letter_spacing=&#8220;4px&#8220; subhead_line_height=&#8220;1.7em&#8220; background_enable_color=&#8220;off&#8220; background_position=&#8220;top_left&#8220; background_repeat=&#8220;repeat&#8220; custom_button_one=&#8220;on&#8220; button_one_text_size=&#8220;13px&#8220; button_one_text_color=&#8220;rgba(0,0,0,0.8)&#8220; button_one_bg_color=&#8220;#ffba60&#8243; button_one_border_width=&#8220;12px&#8220; button_one_border_color=&#8220;#ffba60&#8243; button_one_border_radius=&#8220;0px&#8220; button_one_letter_spacing=&#8220;4px&#8220; button_one_font=&#8220;|700||on|||||&#8220; button_one_icon=&#8220;&#x24;||divi||400&#8243; background_layout=&#8220;light&#8220; custom_margin=&#8220;||||false|false&#8220; custom_padding=&#8220;12px||||false|false&#8220; title_font_size_tablet=&#8220;40px&#8220; title_font_size_phone=&#8220;&#8220; title_font_size_last_edited=&#8220;on|tablet&#8220; border_color_all=&#8220;rgba(31,40,48,0.94)&#8220; border_width_left=&#8220;0vw&#8220; button_one_border_radius_hover=&#8220;0px&#8220; button_one_letter_spacing_hover=&#8220;4px&#8220; global_colors_info=&#8220;{}&#8220; button_one_text_size__hover_enabled=&#8220;off&#8220; button_two_text_size__hover_enabled=&#8220;off&#8220; button_one_text_color__hover_enabled=&#8220;off&#8220; button_two_text_color__hover_enabled=&#8220;off&#8220; button_one_border_width__hover_enabled=&#8220;off&#8220; button_two_border_width__hover_enabled=&#8220;off&#8220; button_one_border_color__hover_enabled=&#8220;off&#8220; button_two_border_color__hover_enabled=&#8220;off&#8220; button_one_border_radius__hover_enabled=&#8220;on&#8220; button_one_border_radius__hover=&#8220;0px&#8220; button_two_border_radius__hover_enabled=&#8220;off&#8220; button_one_letter_spacing__hover_enabled=&#8220;on&#8220; button_one_letter_spacing__hover=&#8220;4px&#8220; button_two_letter_spacing__hover_enabled=&#8220;off&#8220; button_one_bg_color__hover_enabled=&#8220;off&#8220; button_two_bg_color__hover_enabled=&#8220;off&#8220;][\/et_pb_fullwidth_header][\/et_pb_section][et_pb_section fb_built=&#8220;1&#8243; disabled_on=&#8220;off|off|off&#8220; admin_label=&#8220;Service Section&#8220; _builder_version=&#8220;4.24.0&#8243; custom_margin=&#8220;||1px|||&#8220; custom_padding=&#8220;29px||20px|||&#8220; global_colors_info=&#8220;{}&#8220;][et_pb_row admin_label=&#8220;Service Area&#8220; _builder_version=&#8220;4.16&#8243; global_colors_info=&#8220;{}&#8220;][et_pb_column type=&#8220;4_4&#8243; _builder_version=&#8220;4.16&#8243; custom_padding=&#8220;|||&#8220; global_colors_info=&#8220;{}&#8220; custom_padding__hover=&#8220;|||&#8220;][et_pb_text admin_label=&#8220;Title&#8220; _builder_version=&#8220;4.24.1&#8243; text_font=&#8220;||||||||&#8220; header_font=&#8220;|600|||||||&#8220; header_text_color=&#8220;#979797&#8243; header_2_font=&#8220;Montserrat|600||on|||||&#8220; header_2_text_align=&#8220;center&#8220; header_2_text_color=&#8220;#979797&#8243; header_2_font_size=&#8220;48px&#8220; header_2_letter_spacing=&#8220;4px&#8220; header_2_line_height=&#8220;1.2em&#8220; header_3_text_color=&#8220;#979797&#8243; header_4_font=&#8220;|||on|||||&#8220; header_4_text_color=&#8220;#979797&#8243; module_alignment=&#8220;center&#8220; custom_margin=&#8220;||10px|&#8220; custom_padding=&#8220;||8px|||&#8220; animation_style=&#8220;fade&#8220; header_2_font_size_tablet=&#8220;40px&#8220; header_2_font_size_phone=&#8220;&#8220; header_2_font_size_last_edited=&#8220;on|tablet&#8220; global_colors_info=&#8220;{}&#8220;]\n<h2>\u00dcber mich<\/h2>\n<h4 style=\"text-align: center;\">Till Spohr<\/h4>\n[\/et_pb_text][\/et_pb_column][\/et_pb_row][et_pb_row admin_label=&#8220;Service Area&#8220; _builder_version=&#8220;4.24.0&#8243; module_alignment=&#8220;center&#8220; custom_margin=&#8220;|0px||0px|false|false&#8220; custom_padding=&#8220;|0px|0px|0px|false|false&#8220; global_colors_info=&#8220;{}&#8220;][et_pb_column type=&#8220;4_4&#8243; _builder_version=&#8220;4.24.0&#8243; _module_preset=&#8220;default&#8220; global_colors_info=&#8220;{}&#8220;][et_pb_text _builder_version=&#8220;4.24.1&#8243; _module_preset=&#8220;default&#8220; global_colors_info=&#8220;{}&#8220;]\n<p style=\"text-align: center;\"><strong>Warum sollte ich Ihnen bei der L\u00f6sung Ihrer Herausforderungen helfen k\u00f6nnen?<\/strong><\/p>\n[\/et_pb_text][\/et_pb_column][\/et_pb_row][et_pb_row _builder_version=&#8220;4.24.1&#8243; _module_preset=&#8220;default&#8220; global_colors_info=&#8220;{}&#8220;][et_pb_column type=&#8220;4_4&#8243; _builder_version=&#8220;4.24.0&#8243; _module_preset=&#8220;default&#8220; global_colors_info=&#8220;{}&#8220;][et_pb_text _builder_version=&#8220;4.24.1&#8243; _module_preset=&#8220;default&#8220; text_orientation=&#8220;center&#8220; custom_padding=&#8220;||0px|||&#8220; global_colors_info=&#8220;{}&#8220;]\n<p>Nach internationalem Wirtschaftsstudium, einer Dekade Erfahrung als Unternehmensberater bei namhaften, internationalen Beratungsunternehmen und 15 Jahren Verantwortung in leitenden Managementpositionen, \u00fcbernehme ich seit 2010 Mandate als Executive &amp; Business Coach.<br \/>Aufgrund meiner langj\u00e4hrigen F\u00fchrungserfahrung sind mir die hohen Anforderungen an F\u00fchrungskr\u00e4fte aus erster Hand bekannt. Diese Erfahrungen, die ich in verschiedenen Teilen der Welt gesammelt habe, flie\u00dfen in meine Arbeit als Coach ein.<\/p>\n<p>Dabei kombiniere ich mein Wissen im internationalen Management mit spezialisiertem Coaching-Know-how und meiner Passion, Menschen zu helfen, ihr volles Potenzial zu entfalten und ihre individuellen St\u00e4rken zu erkennen und zu leben. In meiner beruflichen Laufbahn waren h\u00e4ufig komplexe Ver\u00e4nderungsprozesse, Gesch\u00e4ftsentwicklung und Organisationsentwicklung Teil meiner Managementaufgaben.<\/p>\n<p>Die Vielfalt internationaler Arbeit hat mich stets fasziniert, und ich genie\u00dfe es, in verschiedenen kulturellen Umfeldern zu agieren.<\/p>\n[\/et_pb_text][et_pb_button button_url=&#8220;#till&#8220; button_text=&#8220;Mehr zu meiner Person&#8220; button_alignment=&#8220;center&#8220; _builder_version=&#8220;4.24.1&#8243; _module_preset=&#8220;default&#8220; custom_button=&#8220;on&#8220; button_text_size=&#8220;14px&#8220; button_text_color=&#8220;#FFFFFF&#8220; button_bg_color=&#8220;#AD282E&#8220; button_icon=&#8220;&#x22;||divi||400&#8243; global_colors_info=&#8220;{}&#8220;][\/et_pb_button][\/et_pb_column][\/et_pb_row][\/et_pb_section][et_pb_section fb_built=&#8220;1&#8243; fullwidth=&#8220;on&#8220; _builder_version=&#8220;4.24.2&#8243; _module_preset=&#8220;default&#8220; background_image=&#8220;https:\/\/www.till-spohr.com\/wp-content\/uploads\/2024\/03\/Pause2.jpg&#8220; parallax=&#8220;on&#8220; height=&#8220;600px&#8220; background_last_edited=&#8220;on|phone&#8220; background_image_phone=&#8220;https:\/\/www.till-spohr.com\/wp-content\/uploads\/2024\/03\/Pause2-mobil.jpg&#8220; background_enable_image_phone=&#8220;on&#8220; background_blend_tablet=&#8220;normal&#8220; global_colors_info=&#8220;{}&#8220;][et_pb_fullwidth_image title_text=&#8220;OLYMPUS DIGITAL CAMERA&#8220; _builder_version=&#8220;4.24.1&#8243; _module_preset=&#8220;default&#8220; global_colors_info=&#8220;{}&#8220;][\/et_pb_fullwidth_image][\/et_pb_section][et_pb_section fb_built=&#8220;1&#8243; _builder_version=&#8220;4.24.1&#8243; _module_preset=&#8220;default&#8220; custom_padding=&#8220;4px||0px|||&#8220; global_colors_info=&#8220;{}&#8220;][et_pb_row _builder_version=&#8220;4.24.1&#8243; _module_preset=&#8220;default&#8220; custom_padding=&#8220;||9px|||&#8220; global_colors_info=&#8220;{}&#8220;][et_pb_column type=&#8220;4_4&#8243; _builder_version=&#8220;4.24.1&#8243; _module_preset=&#8220;default&#8220; global_colors_info=&#8220;{}&#8220;][et_pb_text admin_label=&#8220;Title&#8220; _builder_version=&#8220;4.24.1&#8243; text_font=&#8220;||||||||&#8220; header_font=&#8220;|600|||||||&#8220; header_text_color=&#8220;#979797&#8243; header_2_font=&#8220;Montserrat|600||on|||||&#8220; header_2_text_align=&#8220;center&#8220; header_2_text_color=&#8220;#979797&#8243; header_2_font_size=&#8220;48px&#8220; header_2_letter_spacing=&#8220;4px&#8220; header_2_line_height=&#8220;1.2em&#8220; header_3_text_color=&#8220;#979797&#8243; header_4_font=&#8220;|||on|||||&#8220; header_4_text_color=&#8220;#AD282E&#8220; module_alignment=&#8220;center&#8220; custom_margin=&#8220;||10px|&#8220; custom_padding=&#8220;|||&#8220; animation_style=&#8220;fade&#8220; header_2_font_size_tablet=&#8220;40px&#8220; header_2_font_size_phone=&#8220;&#8220; header_2_font_size_last_edited=&#8220;on|tablet&#8220; global_colors_info=&#8220;{}&#8220;]\n<h2><\/h2>\n<h2 id=\"till\" style=\"text-align: center;\">Mehr \u00dcber Till Spohr<\/h2>\n[\/et_pb_text][\/et_pb_column][\/et_pb_row][\/et_pb_section][et_pb_section fb_built=&#8220;1&#8243; _builder_version=&#8220;4.24.0&#8243; _module_preset=&#8220;default&#8220; custom_padding=&#8220;0px||0px|||&#8220; global_colors_info=&#8220;{}&#8220;][et_pb_row column_structure=&#8220;1_2,1_2&#8243; _builder_version=&#8220;4.24.1&#8243; _module_preset=&#8220;default&#8220; global_colors_info=&#8220;{}&#8220;][et_pb_column type=&#8220;1_2&#8243; _builder_version=&#8220;4.24.0&#8243; _module_preset=&#8220;default&#8220; global_colors_info=&#8220;{}&#8220;][et_pb_text _builder_version=&#8220;4.24.1&#8243; _module_preset=&#8220;default&#8220; custom_padding=&#8220;3px|||||&#8220; global_colors_info=&#8220;{}&#8220;]\n<p><strong>W\u00e4hrend meiner Zeit als Generalbevollm\u00e4chtigter<\/strong> f\u00fcr Deutschland eines weltweit f\u00fchrenden Versicherungskonzerns habe ich die Erfahrung gemacht, wie wirksam ein kluges Beziehungs- und Stakeholdermanagement ist.<\/p>\n<p><strong>In meiner Rolle als Manager<\/strong> f\u00fcr eines der drei zentralen strategischen Ziele einer weltweit f\u00fchrenden Gro\u00dfbank habe ich gelernt, in kulturell vielf\u00e4ltigen und komplexen Netzwerken international meinen Weg zu gehen.<\/p>\n<p><strong>Als Managing Director<\/strong> eines internationalen Dienstleistungsunternehmens trug ich die Verantwortung f\u00fcr die nachhaltige Steigerung des Unternehmenserfolgs durch die Transformation traditionsgepr\u00e4gter Strukturen und Verhaltensmuster in eine neue Arbeitsweise, was ein wohldosiertes Herangehen verlangte.<\/p>\n<p><strong>Meine Erfahrung als CEO und VR<\/strong> eines mittelst\u00e4ndischen Technologieunternehmens hat mir verdeutlicht, wie sensibel zukunftsgerichtete Entscheidungen f\u00fcr den Erfolg sind. Bei dieser Aufgabe ging es darum, Anteilseigner, F\u00fchrungskr\u00e4fte und kritische Talente feinf\u00fchlig und entschlossen auf einen gemeinsamen Weg mitzunehmen.<\/p>\n[\/et_pb_text][\/et_pb_column][et_pb_column type=&#8220;1_2&#8243; _builder_version=&#8220;4.24.0&#8243; _module_preset=&#8220;default&#8220; global_colors_info=&#8220;{}&#8220;][et_pb_text _builder_version=&#8220;4.24.2&#8243; _module_preset=&#8220;default&#8220; custom_margin=&#8220;||||false|false&#8220; custom_padding_tablet=&#8220;&#8220; custom_padding_phone=&#8220;&#8220; custom_padding_last_edited=&#8220;on|phone&#8220; global_colors_info=&#8220;{}&#8220;]\n<p><strong>In meiner Rolle als Consultant und Manager<\/strong> f\u00fcr international t\u00e4tige Beratungsunternehmen durfte ich eine sehr breite Palette an Aufgabenstellungen f\u00fcr meine Kunden bearbeitet, was immer wieder Neues f\u00fcr mich bedeutete und damit verbundene Entwicklung. Dies hat mir auch Zugang zu einem sehr breiten F\u00e4cher an Businessthemen und damit verbundenen L\u00f6sungen erm\u00f6glicht.<\/p>\n<p>Neben meiner hauptberuflichen T\u00e4tigkeit habe ich \u00fcber viele Jahre <strong>Vorlesungen an internationalen Hochschulen<\/strong> gehalten. Diese Lehrt\u00e4tigkeit erf\u00fcllt mich und erm\u00f6glicht mir, mein Wissen und meine Erfahrung mit anderen zu teilen.<\/p>\n<p><strong>Seit 2010 \u00fcbernehme ich Executive Coaching Mandate<\/strong> und\u00a0begleite als selbstst\u00e4ndiger Berater Ver\u00e4nderungsprojekte.<br \/>Meine Kunden stammen aus unterschiedlichen Branchen, darunter Technologie (Medizintechnik, IT), Financial Services (Banken, Versicherungen), Dienstleistung und Industrie.<\/p>\n<p>Meine Coachings sind auch gepr\u00e4gt von privaten und gesellschaftlichen Erfahrungen, als Familienvater dreier Kinder, einer langj\u00e4hrigen Lehrt\u00e4tigkeit im Skisport und meiner Offenheit f\u00fcr alle Facetten des Lebens.<\/p>\n<p>Mehr von Till Spohr:<br \/><a href=\"https:\/\/www.xvisory.ch\">www.xvisory.ch<\/a><\/p>\n<p>&nbsp;<\/p>\n[\/et_pb_text][\/et_pb_column][\/et_pb_row][et_pb_row column_structure=&#8220;1_2,1_2&#8243; _builder_version=&#8220;4.24.2&#8243; _module_preset=&#8220;default&#8220; min_height=&#8220;249.8px&#8220; custom_margin=&#8220;21px|auto||auto||&#8220; custom_padding=&#8220;4px||18px|||&#8220; global_colors_info=&#8220;{}&#8220;][et_pb_column type=&#8220;1_2&#8243; _builder_version=&#8220;4.24.1&#8243; _module_preset=&#8220;default&#8220; global_colors_info=&#8220;{}&#8220;][et_pb_text ul_type=&#8220;square&#8220; ul_position=&#8220;inside&#8220; _builder_version=&#8220;4.27.4&#8243; _module_preset=&#8220;default&#8220; custom_margin=&#8220;||-2px|||&#8220; custom_padding=&#8220;|0px||||&#8220; global_colors_info=&#8220;{}&#8220;]\n<h4>AUSBILDUNG &#8222;INTEGRALER BUSINESS COACH&#8220;<\/h4>\n<h4><\/h4>\n<p>Anerkannte und zertifizierte Coaching-Aus- und Weiterbildung durch<\/p>\n<ul>\n<li><a href=\"https:\/\/www.coachfederation.de\/coachs\/coachprofil\/coach\/till-spohr.html\" target=\"_blank\" rel=\"noopener\"><u><strong>ICF<\/strong><span>\u00a0<\/span>(International Coaching Federation)<\/u><\/a><\/li>\n<li><strong>DBVC<\/strong><span>\u00a0<\/span>(Deutscher Bundesverband Coaching)<\/li>\n<li><strong>IOBC<\/strong><span>\u00a0<\/span>(International Organization for Business Coaching)<\/li>\n<\/ul>\n[\/et_pb_text][\/et_pb_column][et_pb_column type=&#8220;1_2&#8243; _builder_version=&#8220;4.24.1&#8243; _module_preset=&#8220;default&#8220; global_colors_info=&#8220;{}&#8220;][et_pb_text ul_type=&#8220;square&#8220; ul_position=&#8220;inside&#8220; _builder_version=&#8220;4.27.4&#8243; _module_preset=&#8220;default&#8220; global_colors_info=&#8220;{}&#8220;]\n<table border=\"0\" style=\"width: 100%; border-collapse: collapse; border-style: none; border-color: #fff;\">\n<tbody>\n<tr>\n<td style=\"width: 50%;\"><a href=\"https:\/\/www.coachfederation.de\/coachs\/coachprofil\/coach\/till-spohr.html\" target=\"_blank\" rel=\"noopener\"><img loading=\"lazy\" decoding=\"async\" src=\"https:\/\/www.till-spohr.com\/wp-content\/uploads\/2024\/02\/icon-icf-member-badge.fw_.png\" width=\"120\" height=\"120\" alt=\"\" class=\"wp-image-408 aligncenter size-full\" srcset=\"https:\/\/www.till-spohr.com\/wp-content\/uploads\/2024\/02\/icon-icf-member-badge.fw_.png 150w, https:\/\/www.till-spohr.com\/wp-content\/uploads\/2024\/02\/icon-icf-member-badge.fw_-12x12.png 12w\" sizes=\"(max-width: 120px) 100vw, 120px\" \/><\/a><\/td>\n<td style=\"width: 50%;\"><a href=\"https:\/\/www.linkedin.com\/in\/tilmann-spohr-xvisory\" target=\"_blank\" rel=\"noopener\"><img loading=\"lazy\" decoding=\"async\" src=\"https:\/\/www.till-spohr.com\/wp-content\/uploads\/2024\/02\/icon-linkedin.fw_.png\" width=\"120\" height=\"120\" alt=\"\" class=\"wp-image-409 aligncenter size-full\" srcset=\"https:\/\/www.till-spohr.com\/wp-content\/uploads\/2024\/02\/icon-linkedin.fw_.png 150w, https:\/\/www.till-spohr.com\/wp-content\/uploads\/2024\/02\/icon-linkedin.fw_-12x12.png 12w\" sizes=\"(max-width: 120px) 100vw, 120px\" \/><\/a><\/td>\n<\/tr>\n<\/tbody>\n<\/table>\n[\/et_pb_text][\/et_pb_column][\/et_pb_row][et_pb_row _builder_version=&#8220;4.24.2&#8243; _module_preset=&#8220;default&#8220; global_colors_info=&#8220;{}&#8220;][et_pb_column type=&#8220;4_4&#8243; _builder_version=&#8220;4.24.2&#8243; _module_preset=&#8220;default&#8220; global_colors_info=&#8220;{}&#8220;][et_pb_text ul_type=&#8220;square&#8220; ul_position=&#8220;inside&#8220; _builder_version=&#8220;4.24.2&#8243; _module_preset=&#8220;default&#8220; global_colors_info=&#8220;{}&#8220;]\n<h4 style=\"text-align: center;\">AKKREDITIERUNGEN IN DER PERS\u00d6NLICHKEITSDIAGNOSTIK<\/h4>\n<p style=\"text-align: center;\"><span style=\"font-size: 16px;\">Kompetenz- und Performanceanalysen, Pers\u00f6nlichkeitsdimensionen, <\/span>Verhaltenspr\u00e4ferenzmodelle<\/p>\n[\/et_pb_text][\/et_pb_column][\/et_pb_row][et_pb_row column_structure=&#8220;1_3,1_3,1_3&#8243; _builder_version=&#8220;4.24.2&#8243; _module_preset=&#8220;default&#8220; custom_margin=&#8220;-16px|auto||auto||&#8220; global_colors_info=&#8220;{}&#8220;][et_pb_column type=&#8220;1_3&#8243; _builder_version=&#8220;4.24.2&#8243; _module_preset=&#8220;default&#8220; global_colors_info=&#8220;{}&#8220;][\/et_pb_column][et_pb_column type=&#8220;1_3&#8243; _builder_version=&#8220;4.24.2&#8243; _module_preset=&#8220;default&#8220; global_colors_info=&#8220;{}&#8220;][et_pb_text ul_type=&#8220;square&#8220; ul_position=&#8220;inside&#8220; _builder_version=&#8220;4.24.2&#8243; _module_preset=&#8220;default&#8220; custom_padding=&#8220;||19px|||&#8220; global_colors_info=&#8220;{}&#8220;]\n<table border=\"0\" style=\"width: 100%; border-collapse: collapse; border-style: none; border-color: #fff;\">\n<tbody>\n<tr>\n<td style=\"width: 50%;\"><img loading=\"lazy\" decoding=\"async\" src=\"https:\/\/www.till-spohr.com\/wp-content\/uploads\/2024\/03\/webMDI_Master_Akk_MDI_Berater.png\" width=\"100\" height=\"300\" alt=\"\" class=\"wp-image-462 alignnone size-full\" style=\"display: block; margin-left: auto; margin-right: auto;\" \/><\/td>\n<td style=\"width: 50%;\"><img loading=\"lazy\" decoding=\"async\" src=\"https:\/\/www.till-spohr.com\/wp-content\/uploads\/2024\/03\/webOutmatchASSESS_Akk_MasterAssessBerater.png\" width=\"100\" height=\"300\" alt=\"\" class=\"wp-image-463 alignnone size-full\" style=\"display: block; margin-left: auto; margin-right: auto;\" \/><\/td>\n<\/tr>\n<tr>\n<td style=\"width: 50%;\"><\/td>\n<td style=\"width: 50%;\"><\/td>\n<\/tr>\n<\/tbody>\n<\/table>\n[\/et_pb_text][\/et_pb_column][et_pb_column type=&#8220;1_3&#8243; _builder_version=&#8220;4.24.2&#8243; _module_preset=&#8220;default&#8220; global_colors_info=&#8220;{}&#8220;][\/et_pb_column][\/et_pb_row][et_pb_row _builder_version=&#8220;4.24.2&#8243; _module_preset=&#8220;default&#8220; width=&#8220;40%&#8220; max_width=&#8220;433px&#8220; custom_padding=&#8220;7px|||4px||&#8220; global_colors_info=&#8220;{}&#8220;][et_pb_column type=&#8220;4_4&#8243; _builder_version=&#8220;4.24.1&#8243; _module_preset=&#8220;default&#8220; global_colors_info=&#8220;{}&#8220;][et_pb_button button_url=&#8220;https:\/\/www.till-spohr.com\/wp-content\/uploads\/2024\/02\/Coach-Profil-TILLSPOHR-Tilmann-Spohr-deutsch-2024.pdf&#8220; url_new_window=&#8220;on&#8220; button_text=&#8220;COACHPROFIL DOWNLOADEN&#8220; button_alignment=&#8220;center&#8220; _builder_version=&#8220;4.24.2&#8243; _module_preset=&#8220;default&#8220; custom_button=&#8220;on&#8220; button_text_size=&#8220;14px&#8220; button_text_color=&#8220;#FFFFFF&#8220; button_bg_color=&#8220;#AD282E&#8220; button_icon=&#8220;&#x3b;||divi||400&#8243; global_colors_info=&#8220;{}&#8220;][\/et_pb_button][\/et_pb_column][\/et_pb_row][\/et_pb_section][et_pb_section fb_built=&#8220;1&#8243; disabled_on=&#8220;off|off|off&#8220; admin_label=&#8220;CTA Section&#8220; _builder_version=&#8220;4.24.1&#8243; background_color=&#8220;#979797&#8243; background_enable_image=&#8220;off&#8220; custom_margin=&#8220;|0px|||false|false&#8220; custom_padding=&#8220;0px|0px|0px||false|false&#8220; border_color_all=&#8220;#26333a&#8220; border_width_right=&#8220;0vw&#8220; global_colors_info=&#8220;{}&#8220;][et_pb_row use_custom_gutter=&#8220;on&#8220; gutter_width=&#8220;2&#8243; admin_label=&#8220;CTA Area&#8220; _builder_version=&#8220;4.24.1&#8243; custom_margin=&#8220;||30px|&#8220; custom_padding=&#8220;46px|||||&#8220; global_colors_info=&#8220;{}&#8220;][et_pb_column type=&#8220;4_4&#8243; _builder_version=&#8220;4.24.1&#8243; custom_padding=&#8220;|||&#8220; global_colors_info=&#8220;{}&#8220; custom_padding__hover=&#8220;|||&#8220;][et_pb_text admin_label=&#8220;Title&#8220; _builder_version=&#8220;4.24.1&#8243; text_font=&#8220;||||||||&#8220; text_text_color=&#8220;#666666&#8243; header_font=&#8220;|600|||||||&#8220; header_text_color=&#8220;#979797&#8243; header_2_font=&#8220;Montserrat|600||on|||||&#8220; header_2_text_align=&#8220;center&#8220; header_2_text_color=&#8220;#979797&#8243; header_2_font_size=&#8220;48px&#8220; header_2_letter_spacing=&#8220;3px&#8220; header_2_line_height=&#8220;1.4em&#8220; header_3_text_color=&#8220;#979797&#8243; header_4_font=&#8220;|||on|||||&#8220; header_4_text_align=&#8220;center&#8220; header_4_text_color=&#8220;#FFFFFF&#8220; module_alignment=&#8220;center&#8220; custom_margin=&#8220;||10px|&#8220; custom_padding=&#8220;4px|||||&#8220; animation_style=&#8220;fade&#8220; header_2_font_size_tablet=&#8220;40px&#8220; header_2_font_size_phone=&#8220;&#8220; header_2_font_size_last_edited=&#8220;on|tablet&#8220; global_colors_info=&#8220;{}&#8220;]\n<h4>&#8222;ES IST EINE GR0\u00dfE FREUDE F\u00dcR MICH, MENSCHEN WACHSEN ZU SEHEN UND IN DER ROLLE ALS COACH sie AUF IHREM ENTWICKLUNGSWEG ZU BEGLEITEN.&#8220;<\/h4>\n[\/et_pb_text][\/et_pb_column][\/et_pb_row][\/et_pb_section]\n","protected":false},"excerpt":{"rendered":"<p>\u00dcber mich Till SpohrWarum sollte ich Ihnen bei der L\u00f6sung Ihrer Herausforderungen helfen k\u00f6nnen?Nach internationalem Wirtschaftsstudium, einer Dekade Erfahrung als Unternehmensberater bei namhaften, internationalen Beratungsunternehmen und 15 Jahren Verantwortung in leitenden Managementpositionen, \u00fcbernehme ich seit 2010 Mandate als Executive &amp; Business Coach.Aufgrund meiner langj\u00e4hrigen F\u00fchrungserfahrung sind mir die hohen Anforderungen an F\u00fchrungskr\u00e4fte aus erster Hand [&hellip;]<\/p>\n","protected":false},"author":1,"featured_media":0,"parent":0,"menu_order":0,"comment_status":"closed","ping_status":"closed","template":"","meta":{"_et_pb_use_builder":"on","_et_pb_old_content":"","_et_gb_content_width":"","footnotes":""},"class_list":["post-232","page","type-page","status-publish","hentry"],"_links":{"self":[{"href":"https:\/\/www.till-spohr.com\/en\/wp-json\/wp\/v2\/pages\/232","targetHints":{"allow":["GET"]}}],"collection":[{"href":"https:\/\/www.till-spohr.com\/en\/wp-json\/wp\/v2\/pages"}],"about":[{"href":"https:\/\/www.till-spohr.com\/en\/wp-json\/wp\/v2\/types\/page"}],"author":[{"embeddable":true,"href":"https:\/\/www.till-spohr.com\/en\/wp-json\/wp\/v2\/users\/1"}],"replies":[{"embeddable":true,"href":"https:\/\/www.till-spohr.com\/en\/wp-json\/wp\/v2\/comments?post=232"}],"version-history":[{"count":87,"href":"https:\/\/www.till-spohr.com\/en\/wp-json\/wp\/v2\/pages\/232\/revisions"}],"predecessor-version":[{"id":647,"href":"https:\/\/www.till-spohr.com\/en\/wp-json\/wp\/v2\/pages\/232\/revisions\/647"}],"wp:attachment":[{"href":"https:\/\/www.till-spohr.com\/en\/wp-json\/wp\/v2\/media?parent=232"}],"curies":[{"name":"wp","href":"https:\/\/api.w.org\/{rel}","templated":true}]}}